{"id":726,"date":"2024-09-26T14:57:08","date_gmt":"2024-09-26T14:57:08","guid":{"rendered":"https:\/\/dgpp24.dgpp.de\/wp\/?page_id=726"},"modified":"2024-09-27T12:52:16","modified_gmt":"2024-09-27T12:52:16","slug":"ruckblick","status":"publish","type":"page","link":"https:\/\/dgpp25.dgpp.de\/wp\/ruckblick\/","title":{"rendered":"R\u00fcckblick"},"content":{"rendered":"\n<p><strong>Hinweis auf Nutzung und Copyright<\/strong><br>Die Bilder d\u00fcrfen ausschlie\u00dflich f\u00fcr private Zwecke unter Nennung der genannten Urheberrechtsangabe genutzt werden.<\/p>\n\n\n\n<p><em>Alle Bilder \u00a9 Sabine Gudath<\/em><\/p>\n\n\n\n<div class=\"wp-block-columns is-layout-flex wp-container-core-columns-is-layout-1 wp-block-columns-is-layout-flex\">\n<div class=\"wp-block-column is-layout-flow wp-block-column-is-layout-flow\">\n<figure class=\"wp-block-image size-large\"><a href=\"https:\/\/dgpp24.dgpp.de\/wp\/ruckblick\/eroeffnung\"><img loading=\"lazy\" decoding=\"async\" width=\"1024\" height=\"683\" src=\"https:\/\/dgpp24.dgpp.de\/wp\/wp-content\/uploads\/2024\/09\/Ch-DGPP-4915-1024x683.jpg\" alt=\"\" class=\"wp-image-558\" srcset=\"https:\/\/dgpp25.dgpp.de\/wp\/wp-content\/uploads\/2024\/09\/Ch-DGPP-4915-1024x683.jpg 1024w, https:\/\/dgpp25.dgpp.de\/wp\/wp-content\/uploads\/2024\/09\/Ch-DGPP-4915-300x200.jpg 300w, https:\/\/dgpp25.dgpp.de\/wp\/wp-content\/uploads\/2024\/09\/Ch-DGPP-4915-768x513.jpg 768w, https:\/\/dgpp25.dgpp.de\/wp\/wp-content\/uploads\/2024\/09\/Ch-DGPP-4915-1536x1025.jpg 1536w, https:\/\/dgpp25.dgpp.de\/wp\/wp-content\/uploads\/2024\/09\/Ch-DGPP-4915-2048x1367.jpg 2048w, https:\/\/dgpp25.dgpp.de\/wp\/wp-content\/uploads\/2024\/09\/Ch-DGPP-4915-930x620.jpg 930w\" sizes=\"(max-width: 1024px) 100vw, 1024px\" \/><\/a><figcaption class=\"wp-element-caption\"><a href=\"https:\/\/dgpp24.dgpp.de\/wp\/ruckblick\/eroeffnung\/\">Er\u00f6ffnungsfeier<\/a><\/figcaption><\/figure>\n<\/div>\n\n\n\n<div class=\"wp-block-column is-layout-flow wp-block-column-is-layout-flow\">\n<figure class=\"wp-block-image size-large\"><a href=\"https:\/\/dgpp24.dgpp.de\/wp\/ruckblick\/wissenschaftliche-sitzung\/\"><img loading=\"lazy\" decoding=\"async\" width=\"1024\" height=\"683\" src=\"https:\/\/dgpp24.dgpp.de\/wp\/wp-content\/uploads\/2024\/09\/Ch-DGPP-5231-1024x683.jpg\" alt=\"\" class=\"wp-image-710\" srcset=\"https:\/\/dgpp25.dgpp.de\/wp\/wp-content\/uploads\/2024\/09\/Ch-DGPP-5231-1024x683.jpg 1024w, https:\/\/dgpp25.dgpp.de\/wp\/wp-content\/uploads\/2024\/09\/Ch-DGPP-5231-300x200.jpg 300w, https:\/\/dgpp25.dgpp.de\/wp\/wp-content\/uploads\/2024\/09\/Ch-DGPP-5231-768x512.jpg 768w, https:\/\/dgpp25.dgpp.de\/wp\/wp-content\/uploads\/2024\/09\/Ch-DGPP-5231-1536x1024.jpg 1536w, https:\/\/dgpp25.dgpp.de\/wp\/wp-content\/uploads\/2024\/09\/Ch-DGPP-5231-2048x1365.jpg 2048w, https:\/\/dgpp25.dgpp.de\/wp\/wp-content\/uploads\/2024\/09\/Ch-DGPP-5231-930x620.jpg 930w\" sizes=\"(max-width: 1024px) 100vw, 1024px\" \/><\/a><figcaption class=\"wp-element-caption\"><a href=\"https:\/\/dgpp24.dgpp.de\/wp\/ruckblick\/wissenschaftliche-sitzung\/\" data-type=\"page\" data-id=\"734\">Wissenschaftliche Sitzung<\/a><\/figcaption><\/figure>\n<\/div>\n<\/div>\n\n\n\n<div class=\"wp-block-columns is-layout-flex wp-container-core-columns-is-layout-2 wp-block-columns-is-layout-flex\">\n<div class=\"wp-block-column is-layout-flow wp-block-column-is-layout-flow\">\n<figure class=\"wp-block-image size-large\"><a href=\"https:\/\/dgpp24.dgpp.de\/wp\/ruckblick\/gallerie-festsitzung\/\"><img loading=\"lazy\" decoding=\"async\" width=\"1024\" height=\"670\" src=\"https:\/\/dgpp24.dgpp.de\/wp\/wp-content\/uploads\/2024\/09\/Ch-DGPP-5591-1024x670.jpg\" alt=\"\" class=\"wp-image-591\" srcset=\"https:\/\/dgpp25.dgpp.de\/wp\/wp-content\/uploads\/2024\/09\/Ch-DGPP-5591-1024x670.jpg 1024w, https:\/\/dgpp25.dgpp.de\/wp\/wp-content\/uploads\/2024\/09\/Ch-DGPP-5591-300x196.jpg 300w, https:\/\/dgpp25.dgpp.de\/wp\/wp-content\/uploads\/2024\/09\/Ch-DGPP-5591-768x503.jpg 768w, https:\/\/dgpp25.dgpp.de\/wp\/wp-content\/uploads\/2024\/09\/Ch-DGPP-5591-1536x1006.jpg 1536w, https:\/\/dgpp25.dgpp.de\/wp\/wp-content\/uploads\/2024\/09\/Ch-DGPP-5591-2048x1341.jpg 2048w\" sizes=\"(max-width: 1024px) 100vw, 1024px\" \/><\/a><figcaption class=\"wp-element-caption\"><a href=\"https:\/\/dgpp24.dgpp.de\/wp\/ruckblick\/gallerie-festsitzung\/\" data-type=\"page\" data-id=\"730\">Festsitzung<\/a><\/figcaption><\/figure>\n<\/div>\n\n\n\n<div class=\"wp-block-column is-layout-flow wp-block-column-is-layout-flow\">\n<figure class=\"wp-block-image size-large is-resized\"><a href=\"https:\/\/dgpp24.dgpp.de\/wp\/ruckblick\/pausen-poster-industrie\/\"><img loading=\"lazy\" decoding=\"async\" width=\"1024\" height=\"689\" src=\"https:\/\/dgpp24.dgpp.de\/wp\/wp-content\/uploads\/2024\/09\/Ch-DGPP-5007-1024x689.jpg\" alt=\"\" class=\"wp-image-634\" style=\"width:571px;height:auto\" srcset=\"https:\/\/dgpp25.dgpp.de\/wp\/wp-content\/uploads\/2024\/09\/Ch-DGPP-5007-1024x689.jpg 1024w, https:\/\/dgpp25.dgpp.de\/wp\/wp-content\/uploads\/2024\/09\/Ch-DGPP-5007-300x202.jpg 300w, https:\/\/dgpp25.dgpp.de\/wp\/wp-content\/uploads\/2024\/09\/Ch-DGPP-5007-768x517.jpg 768w, https:\/\/dgpp25.dgpp.de\/wp\/wp-content\/uploads\/2024\/09\/Ch-DGPP-5007-1536x1034.jpg 1536w, https:\/\/dgpp25.dgpp.de\/wp\/wp-content\/uploads\/2024\/09\/Ch-DGPP-5007-2048x1378.jpg 2048w\" sizes=\"(max-width: 1024px) 100vw, 1024px\" \/><\/a><figcaption class=\"wp-element-caption\"><a href=\"https:\/\/dgpp24.dgpp.de\/wp\/ruckblick\/pausen-poster-industrie\/\" data-type=\"page\" data-id=\"732\">Pausen, Poster, Industrie<\/a><\/figcaption><\/figure>\n<\/div>\n<\/div>\n","protected":false},"excerpt":{"rendered":"<p>Hinweis auf Nutzung und CopyrightDie Bilder d\u00fcrfen ausschlie\u00dflich f\u00fcr private Zwecke unter Nennung der genannten Urheberrechtsangabe genutzt werden. Alle Bilder \u00a9 Sabine Gudath<\/p>\n","protected":false},"author":1,"featured_media":0,"parent":0,"menu_order":0,"comment_status":"closed","ping_status":"closed","template":"","meta":{"neve_meta_sidebar":"","neve_meta_container":"","neve_meta_enable_content_width":"","neve_meta_content_width":0,"neve_meta_title_alignment":"","neve_meta_author_avatar":"","neve_post_elements_order":"","neve_meta_disable_header":"","neve_meta_disable_footer":"","neve_meta_disable_title":"","footnotes":""},"_links":{"self":[{"href":"https:\/\/dgpp25.dgpp.de\/wp\/wp-json\/wp\/v2\/pages\/726"}],"collection":[{"href":"https:\/\/dgpp25.dgpp.de\/wp\/wp-json\/wp\/v2\/pages"}],"about":[{"href":"https:\/\/dgpp25.dgpp.de\/wp\/wp-json\/wp\/v2\/types\/page"}],"author":[{"embeddable":true,"href":"https:\/\/dgpp25.dgpp.de\/wp\/wp-json\/wp\/v2\/users\/1"}],"replies":[{"embeddable":true,"href":"https:\/\/dgpp25.dgpp.de\/wp\/wp-json\/wp\/v2\/comments?post=726"}],"version-history":[{"count":7,"href":"https:\/\/dgpp25.dgpp.de\/wp\/wp-json\/wp\/v2\/pages\/726\/revisions"}],"predecessor-version":[{"id":756,"href":"https:\/\/dgpp25.dgpp.de\/wp\/wp-json\/wp\/v2\/pages\/726\/revisions\/756"}],"wp:attachment":[{"href":"https:\/\/dgpp25.dgpp.de\/wp\/wp-json\/wp\/v2\/media?parent=726"}],"curies":[{"name":"wp","href":"https:\/\/api.w.org\/{rel}","templated":true}]}}